{"id":3084,"date":"2025-10-26T09:39:57","date_gmt":"2025-10-26T08:39:57","guid":{"rendered":"https:\/\/agileinstitute.pl\/?page_id=3084"},"modified":"2025-10-26T10:28:41","modified_gmt":"2025-10-26T09:28:41","slug":"ksiazki","status":"publish","type":"page","link":"https:\/\/agileinstitute.pl\/index.php\/ksiazki\/","title":{"rendered":"Ksi\u0105\u017cki"},"content":{"rendered":"\n<p><\/p>\n\n\n\n<figure class=\"wp-block-table\"><table><tbody><tr><td><a href=\"https:\/\/www.naffy.io\/aleksander-koska\/agile-ktory-dowozi-Px0\" target=\"_blank\" rel=\"noreferrer noopener nofollow\"><img loading=\"lazy\" width=\"1080\" height=\"1350\" class=\"wp-image-3072\" style=\"width: 150px;\" src=\"https:\/\/agileinstitute.pl\/wp-content\/uploads\/2025\/10\/EBM-Ebook-okladka.png\" alt=\"\" srcset=\"https:\/\/agileinstitute.pl\/wp-content\/uploads\/2025\/10\/EBM-Ebook-okladka.png 1080w, https:\/\/agileinstitute.pl\/wp-content\/uploads\/2025\/10\/EBM-Ebook-okladka-240x300.png 240w, https:\/\/agileinstitute.pl\/wp-content\/uploads\/2025\/10\/EBM-Ebook-okladka-819x1024.png 819w, https:\/\/agileinstitute.pl\/wp-content\/uploads\/2025\/10\/EBM-Ebook-okladka-768x960.png 768w\" sizes=\"(max-width: 1080px) 100vw, 1080px\"><\/a><\/td><td><a href=\"https:\/\/www.naffy.io\/aleksander-koska\/okr-zmien-zasady-gry-jak-wyznaczac-cele-ktore-jednocza-zespoly-i-zwielokrotniaja-wyniki-8iO\" target=\"_blank\" rel=\"noreferrer noopener nofollow\"><img loading=\"lazy\" width=\"1080\" height=\"1350\" class=\"wp-image-3081\" style=\"width: 150px;\" src=\"https:\/\/agileinstitute.pl\/wp-content\/uploads\/2025\/10\/OKR-Ebook-okladka.png\" alt=\"\" srcset=\"https:\/\/agileinstitute.pl\/wp-content\/uploads\/2025\/10\/OKR-Ebook-okladka.png 1080w, https:\/\/agileinstitute.pl\/wp-content\/uploads\/2025\/10\/OKR-Ebook-okladka-240x300.png 240w, https:\/\/agileinstitute.pl\/wp-content\/uploads\/2025\/10\/OKR-Ebook-okladka-819x1024.png 819w, https:\/\/agileinstitute.pl\/wp-content\/uploads\/2025\/10\/OKR-Ebook-okladka-768x960.png 768w\" sizes=\"(max-width: 1080px) 100vw, 1080px\"><\/a><\/td><td><a href=\"https:\/\/www.naffy.io\/aleksander-koska\/od-chaosu-do-harmonii-dLe\" target=\"_blank\" rel=\"noreferrer noopener nofollow\"><img loading=\"lazy\" width=\"1080\" height=\"1350\" class=\"wp-image-3097\" style=\"width: 150px;\" src=\"https:\/\/agileinstitute.pl\/wp-content\/uploads\/2025\/10\/AC-Ebook-okladka.png\" alt=\"\" srcset=\"https:\/\/agileinstitute.pl\/wp-content\/uploads\/2025\/10\/AC-Ebook-okladka.png 1080w, https:\/\/agileinstitute.pl\/wp-content\/uploads\/2025\/10\/AC-Ebook-okladka-240x300.png 240w, https:\/\/agileinstitute.pl\/wp-content\/uploads\/2025\/10\/AC-Ebook-okladka-819x1024.png 819w, https:\/\/agileinstitute.pl\/wp-content\/uploads\/2025\/10\/AC-Ebook-okladka-768x960.png 768w\" sizes=\"(max-width: 1080px) 100vw, 1080px\"><\/a><\/td><td><a href=\"https:\/\/www.naffy.io\/aleksander-koska\/przestan-zaczynac-zacznij-konczyc-gH0\" target=\"_blank\" rel=\"noreferrer noopener nofollow\"><img loading=\"lazy\" width=\"1080\" height=\"1350\" class=\"wp-image-3098\" style=\"width: 150px;\" src=\"https:\/\/agileinstitute.pl\/wp-content\/uploads\/2025\/10\/Kanban-Ebook-okladka.png\" alt=\"\" srcset=\"https:\/\/agileinstitute.pl\/wp-content\/uploads\/2025\/10\/Kanban-Ebook-okladka.png 1080w, https:\/\/agileinstitute.pl\/wp-content\/uploads\/2025\/10\/Kanban-Ebook-okladka-240x300.png 240w, https:\/\/agileinstitute.pl\/wp-content\/uploads\/2025\/10\/Kanban-Ebook-okladka-819x1024.png 819w, https:\/\/agileinstitute.pl\/wp-content\/uploads\/2025\/10\/Kanban-Ebook-okladka-768x960.png 768w\" sizes=\"(max-width: 1080px) 100vw, 1080px\"><\/a><\/td><\/tr><tr><td><a href=\"https:\/\/www.naffy.io\/aleksander-koska\/product-owner-gra-o-wartosc-decyduj-i-wygrywaj-jak-przekuc-wizje-w-dzialajacy-produkt-YL5\" target=\"_blank\" rel=\"noreferrer noopener nofollow\"><img loading=\"lazy\" width=\"1080\" height=\"1350\" class=\"wp-image-3100\" style=\"width: 150px;\" src=\"https:\/\/agileinstitute.pl\/wp-content\/uploads\/2025\/10\/PO-Ebook-Okladka.png\" alt=\"\" srcset=\"https:\/\/agileinstitute.pl\/wp-content\/uploads\/2025\/10\/PO-Ebook-Okladka.png 1080w, https:\/\/agileinstitute.pl\/wp-content\/uploads\/2025\/10\/PO-Ebook-Okladka-240x300.png 240w, https:\/\/agileinstitute.pl\/wp-content\/uploads\/2025\/10\/PO-Ebook-Okladka-819x1024.png 819w, https:\/\/agileinstitute.pl\/wp-content\/uploads\/2025\/10\/PO-Ebook-Okladka-768x960.png 768w\" sizes=\"(max-width: 1080px) 100vw, 1080px\"><\/a><\/td><td><a href=\"https:\/\/www.naffy.io\/aleksander-koska\/product-owner-przyszlosci-vIJ\" target=\"_blank\" rel=\"noreferrer noopener nofollow\"><img loading=\"lazy\" width=\"1080\" height=\"1350\" class=\"wp-image-3101\" style=\"width: 150px;\" src=\"https:\/\/agileinstitute.pl\/wp-content\/uploads\/2025\/10\/POAI-Ebook-Okladka.png\" alt=\"\" srcset=\"https:\/\/agileinstitute.pl\/wp-content\/uploads\/2025\/10\/POAI-Ebook-Okladka.png 1080w, https:\/\/agileinstitute.pl\/wp-content\/uploads\/2025\/10\/POAI-Ebook-Okladka-240x300.png 240w, https:\/\/agileinstitute.pl\/wp-content\/uploads\/2025\/10\/POAI-Ebook-Okladka-819x1024.png 819w, https:\/\/agileinstitute.pl\/wp-content\/uploads\/2025\/10\/POAI-Ebook-Okladka-768x960.png 768w\" sizes=\"(max-width: 1080px) 100vw, 1080px\"><\/a><\/td><td><a href=\"https:\/\/www.naffy.io\/aleksander-koska\/kompas-lidera-w-swiecie-bani-iS1\" target=\"_blank\" rel=\"noreferrer noopener nofollow\"><img loading=\"lazy\" width=\"1080\" height=\"1350\" class=\"wp-image-3099\" style=\"width: 150px;\" src=\"https:\/\/agileinstitute.pl\/wp-content\/uploads\/2025\/10\/Lider-Ebook-okladka.png\" alt=\"\" srcset=\"https:\/\/agileinstitute.pl\/wp-content\/uploads\/2025\/10\/Lider-Ebook-okladka.png 1080w, https:\/\/agileinstitute.pl\/wp-content\/uploads\/2025\/10\/Lider-Ebook-okladka-240x300.png 240w, https:\/\/agileinstitute.pl\/wp-content\/uploads\/2025\/10\/Lider-Ebook-okladka-819x1024.png 819w, https:\/\/agileinstitute.pl\/wp-content\/uploads\/2025\/10\/Lider-Ebook-okladka-768x960.png 768w\" sizes=\"(max-width: 1080px) 100vw, 1080px\"><\/a><\/td><td><a href=\"https:\/\/www.naffy.io\/aleksander-koska\/pracuj-madrze-a-nie-ciezko-poradnik-dla-tych-co-maja-dosc-biegania-w-kolowrotku-Xek\" target=\"_blank\" rel=\"noreferrer noopener nofollow\"><img loading=\"lazy\" width=\"1080\" height=\"1350\" class=\"wp-image-3102\" style=\"width: 150px;\" src=\"https:\/\/agileinstitute.pl\/wp-content\/uploads\/2025\/10\/Work-Smart-Ebook-okladka.png\" alt=\"\" srcset=\"https:\/\/agileinstitute.pl\/wp-content\/uploads\/2025\/10\/Work-Smart-Ebook-okladka.png 1080w, https:\/\/agileinstitute.pl\/wp-content\/uploads\/2025\/10\/Work-Smart-Ebook-okladka-240x300.png 240w, https:\/\/agileinstitute.pl\/wp-content\/uploads\/2025\/10\/Work-Smart-Ebook-okladka-819x1024.png 819w, https:\/\/agileinstitute.pl\/wp-content\/uploads\/2025\/10\/Work-Smart-Ebook-okladka-768x960.png 768w\" sizes=\"(max-width: 1080px) 100vw, 1080px\"><\/a><\/td><\/tr><\/tbody><\/table><figcaption class=\"wp-element-caption\">&gt; Kliknij ok&#322;adk&#281; &ndash; aby wybra&#263; ksi&#261;&#380;k&#281; &lt;<\/figcaption><\/figure>\n","protected":false},"excerpt":{"rendered":"<p>> Kliknij ok\u0142adk\u0119 &#8211; aby wybra\u0107 ksi\u0105\u017ck\u0119 &lt;<\/p>\n","protected":false},"author":1,"featured_media":0,"parent":0,"menu_order":0,"comment_status":"closed","ping_status":"closed","template":"","meta":{"_uag_custom_page_level_css":""},"yoast_head":"<!-- This site is optimized with the Yoast SEO plugin v19.6.1 - https:\/\/yoast.com\/wordpress\/plugins\/seo\/ -->\n<title>Ksi\u0105\u017cki - Agile Institute<\/title>\n<meta name=\"robots\" content=\"index, follow, max-snippet:-1, max-image-preview:large, max-video-preview:-1\" \/>\n<link rel=\"canonical\" href=\"https:\/\/agileinstitute.pl\/index.php\/ksiazki\/\" \/>\n<meta property=\"og:locale\" content=\"pl_PL\" \/>\n<meta property=\"og:type\" content=\"article\" \/>\n<meta property=\"og:title\" content=\"Ksi\u0105\u017cki - Agile Institute\" \/>\n<meta property=\"og:description\" content=\"&gt; Kliknij ok\u0142adk\u0119 &#8211; aby wybra\u0107 ksi\u0105\u017ck\u0119 &lt;\" \/>\n<meta property=\"og:url\" content=\"https:\/\/agileinstitute.pl\/index.php\/ksiazki\/\" \/>\n<meta property=\"og:site_name\" content=\"Agile Institute\" \/>\n<meta property=\"article:publisher\" content=\"https:\/\/www.facebook.com\/agileinstitutepl\" \/>\n<meta property=\"article:modified_time\" content=\"2025-10-26T09:28:41+00:00\" \/>\n<meta property=\"og:image\" content=\"https:\/\/agileinstitute.pl\/wp-content\/uploads\/2025\/10\/EBM-Ebook-okladka.png\" \/>\n<meta name=\"twitter:card\" content=\"summary_large_image\" \/>\n<meta name=\"twitter:label1\" content=\"Szacowany czas czytania\" \/>\n\t<meta name=\"twitter:data1\" content=\"2 minuty\" \/>\n<script type=\"application\/ld+json\" class=\"yoast-schema-graph\">{\"@context\":\"https:\/\/schema.org\",\"@graph\":[{\"@type\":\"WebPage\",\"@id\":\"https:\/\/agileinstitute.pl\/index.php\/ksiazki\/\",\"url\":\"https:\/\/agileinstitute.pl\/index.php\/ksiazki\/\",\"name\":\"Ksi\u0105\u017cki - Agile Institute\",\"isPartOf\":{\"@id\":\"https:\/\/agileinstitute.pl\/#website\"},\"datePublished\":\"2025-10-26T08:39:57+00:00\",\"dateModified\":\"2025-10-26T09:28:41+00:00\",\"breadcrumb\":{\"@id\":\"https:\/\/agileinstitute.pl\/index.php\/ksiazki\/#breadcrumb\"},\"inLanguage\":\"pl-PL\",\"potentialAction\":[{\"@type\":\"ReadAction\",\"target\":[\"https:\/\/agileinstitute.pl\/index.php\/ksiazki\/\"]}]},{\"@type\":\"BreadcrumbList\",\"@id\":\"https:\/\/agileinstitute.pl\/index.php\/ksiazki\/#breadcrumb\",\"itemListElement\":[{\"@type\":\"ListItem\",\"position\":1,\"name\":\"Strona g\u0142\u00f3wna\",\"item\":\"https:\/\/agileinstitute.pl\/\"},{\"@type\":\"ListItem\",\"position\":2,\"name\":\"Ksi\u0105\u017cki\"}]},{\"@type\":\"WebSite\",\"@id\":\"https:\/\/agileinstitute.pl\/#website\",\"url\":\"https:\/\/agileinstitute.pl\/\",\"name\":\"Agile Institute\",\"description\":\"\u017br\u00f3d\u0142o wiedzy o Agile\",\"publisher\":{\"@id\":\"https:\/\/agileinstitute.pl\/#organization\"},\"potentialAction\":[{\"@type\":\"SearchAction\",\"target\":{\"@type\":\"EntryPoint\",\"urlTemplate\":\"https:\/\/agileinstitute.pl\/?s={search_term_string}\"},\"query-input\":\"required name=search_term_string\"}],\"inLanguage\":\"pl-PL\"},{\"@type\":\"Organization\",\"@id\":\"https:\/\/agileinstitute.pl\/#organization\",\"name\":\"Agile Institute\",\"url\":\"https:\/\/agileinstitute.pl\/\",\"sameAs\":[\"https:\/\/www.instagram.com\/agileinstitutepl\/?hl=pl\",\"https:\/\/www.linkedin.com\/company\/28517752\/admin\/\",\"https:\/\/www.facebook.com\/agileinstitutepl\"],\"logo\":{\"@type\":\"ImageObject\",\"inLanguage\":\"pl-PL\",\"@id\":\"https:\/\/agileinstitute.pl\/#\/schema\/logo\/image\/\",\"url\":\"https:\/\/agileinstitute.pl\/wp-content\/uploads\/2019\/09\/logo_Agile_Institute.png\",\"contentUrl\":\"https:\/\/agileinstitute.pl\/wp-content\/uploads\/2019\/09\/logo_Agile_Institute.png\",\"width\":962,\"height\":968,\"caption\":\"Agile Institute\"},\"image\":{\"@id\":\"https:\/\/agileinstitute.pl\/#\/schema\/logo\/image\/\"}}]}<\/script>\n<!-- \/ Yoast SEO plugin. -->","yoast_head_json":{"title":"Ksi\u0105\u017cki - Agile Institute","robots":{"index":"index","follow":"follow","max-snippet":"max-snippet:-1","max-image-preview":"max-image-preview:large","max-video-preview":"max-video-preview:-1"},"canonical":"https:\/\/agileinstitute.pl\/index.php\/ksiazki\/","og_locale":"pl_PL","og_type":"article","og_title":"Ksi\u0105\u017cki - Agile Institute","og_description":"> Kliknij ok\u0142adk\u0119 &#8211; aby wybra\u0107 ksi\u0105\u017ck\u0119 &lt;","og_url":"https:\/\/agileinstitute.pl\/index.php\/ksiazki\/","og_site_name":"Agile Institute","article_publisher":"https:\/\/www.facebook.com\/agileinstitutepl","article_modified_time":"2025-10-26T09:28:41+00:00","og_image":[{"url":"https:\/\/agileinstitute.pl\/wp-content\/uploads\/2025\/10\/EBM-Ebook-okladka.png"}],"twitter_card":"summary_large_image","twitter_misc":{"Szacowany czas czytania":"2 minuty"},"schema":{"@context":"https:\/\/schema.org","@graph":[{"@type":"WebPage","@id":"https:\/\/agileinstitute.pl\/index.php\/ksiazki\/","url":"https:\/\/agileinstitute.pl\/index.php\/ksiazki\/","name":"Ksi\u0105\u017cki - Agile Institute","isPartOf":{"@id":"https:\/\/agileinstitute.pl\/#website"},"datePublished":"2025-10-26T08:39:57+00:00","dateModified":"2025-10-26T09:28:41+00:00","breadcrumb":{"@id":"https:\/\/agileinstitute.pl\/index.php\/ksiazki\/#breadcrumb"},"inLanguage":"pl-PL","potentialAction":[{"@type":"ReadAction","target":["https:\/\/agileinstitute.pl\/index.php\/ksiazki\/"]}]},{"@type":"BreadcrumbList","@id":"https:\/\/agileinstitute.pl\/index.php\/ksiazki\/#breadcrumb","itemListElement":[{"@type":"ListItem","position":1,"name":"Strona g\u0142\u00f3wna","item":"https:\/\/agileinstitute.pl\/"},{"@type":"ListItem","position":2,"name":"Ksi\u0105\u017cki"}]},{"@type":"WebSite","@id":"https:\/\/agileinstitute.pl\/#website","url":"https:\/\/agileinstitute.pl\/","name":"Agile Institute","description":"\u017br\u00f3d\u0142o wiedzy o Agile","publisher":{"@id":"https:\/\/agileinstitute.pl\/#organization"},"potentialAction":[{"@type":"SearchAction","target":{"@type":"EntryPoint","urlTemplate":"https:\/\/agileinstitute.pl\/?s={search_term_string}"},"query-input":"required name=search_term_string"}],"inLanguage":"pl-PL"},{"@type":"Organization","@id":"https:\/\/agileinstitute.pl\/#organization","name":"Agile Institute","url":"https:\/\/agileinstitute.pl\/","sameAs":["https:\/\/www.instagram.com\/agileinstitutepl\/?hl=pl","https:\/\/www.linkedin.com\/company\/28517752\/admin\/","https:\/\/www.facebook.com\/agileinstitutepl"],"logo":{"@type":"ImageObject","inLanguage":"pl-PL","@id":"https:\/\/agileinstitute.pl\/#\/schema\/logo\/image\/","url":"https:\/\/agileinstitute.pl\/wp-content\/uploads\/2019\/09\/logo_Agile_Institute.png","contentUrl":"https:\/\/agileinstitute.pl\/wp-content\/uploads\/2019\/09\/logo_Agile_Institute.png","width":962,"height":968,"caption":"Agile Institute"},"image":{"@id":"https:\/\/agileinstitute.pl\/#\/schema\/logo\/image\/"}}]}},"uagb_featured_image_src":{"full":false,"thumbnail":false,"medium":false,"medium_large":false,"large":false,"elegant_blocks_team_1":false,"elegant_blocks_blog_1":false,"elegant_blocks_slider_1":false,"1536x1536":false,"2048x2048":false,"bizberg_medium":false,"bizberg_gallery":false,"bizberg_blog_list":false,"bizberg_detail_image":false,"bizberg_detail_image_no_sidebar":false,"bizberg_portfolio_homepage":false,"bizberg_blog_list_no_sidebar_1":false},"uagb_author_info":{"display_name":"Aleksander K\u00f3ska","author_link":"https:\/\/agileinstitute.pl\/index.php\/author\/admin\/"},"uagb_comment_info":0,"uagb_excerpt":"> Kliknij ok\u0142adk\u0119 &#8211; aby wybra\u0107 ksi\u0105\u017ck\u0119 &lt;","_links":{"self":[{"href":"https:\/\/agileinstitute.pl\/index.php\/wp-json\/wp\/v2\/pages\/3084"}],"collection":[{"href":"https:\/\/agileinstitute.pl\/index.php\/wp-json\/wp\/v2\/pages"}],"about":[{"href":"https:\/\/agileinstitute.pl\/index.php\/wp-json\/wp\/v2\/types\/page"}],"author":[{"embeddable":true,"href":"https:\/\/agileinstitute.pl\/index.php\/wp-json\/wp\/v2\/users\/1"}],"replies":[{"embeddable":true,"href":"https:\/\/agileinstitute.pl\/index.php\/wp-json\/wp\/v2\/comments?post=3084"}],"version-history":[{"count":14,"href":"https:\/\/agileinstitute.pl\/index.php\/wp-json\/wp\/v2\/pages\/3084\/revisions"}],"predecessor-version":[{"id":3111,"href":"https:\/\/agileinstitute.pl\/index.php\/wp-json\/wp\/v2\/pages\/3084\/revisions\/3111"}],"wp:attachment":[{"href":"https:\/\/agileinstitute.pl\/index.php\/wp-json\/wp\/v2\/media?parent=3084"}],"curies":[{"name":"wp","href":"https:\/\/api.w.org\/{rel}","templated":true}]}}